{"id":12,"date":"2025-11-26T18:19:15","date_gmt":"2025-11-27T00:19:15","guid":{"rendered":"https:\/\/abarrotesavenida.directorio-comercial.com\/?page_id=12"},"modified":"2025-12-03T21:49:36","modified_gmt":"2025-12-04T03:49:36","slug":"inicio","status":"publish","type":"page","link":"https:\/\/abarrotesavenida.directorio-comercial.com\/","title":{"rendered":"Inicio"},"content":{"rendered":"\n<div class=\"wp-block-columns is-layout-flex wp-container-core-columns-is-layout-f369e703 wp-block-columns-is-layout-flex\" style=\"margin-top:var(--wp--preset--spacing--10);margin-bottom:var(--wp--preset--spacing--10)\">\n<div class=\"wp-block-column is-layout-flow wp-block-column-is-layout-flow\" style=\"flex-basis:2%\"><\/div>\n\n\n\n<div class=\"wp-block-column is-layout-flow wp-block-column-is-layout-flow\" style=\"flex-basis:96%\">\n<div class=\"wp-block-group is-content-justification-center is-nowrap is-layout-flex wp-container-core-group-is-layout-23441af8 wp-block-group-is-layout-flex\">\n<img loading=\"lazy\" decoding=\"async\" width=\"1583\" height=\"635\" data-media-id=\"16\" class=\"gb-media-4c567c47\" alt=\"\" src=\"https:\/\/abarrotesavenida.directorio-comercial.com\/wp-content\/uploads\/2025\/11\/poster.png\" srcset=\"https:\/\/abarrotesavenida.directorio-comercial.com\/wp-content\/uploads\/2025\/11\/poster.png 1583w, https:\/\/abarrotesavenida.directorio-comercial.com\/wp-content\/uploads\/2025\/11\/poster-300x120.png 300w, https:\/\/abarrotesavenida.directorio-comercial.com\/wp-content\/uploads\/2025\/11\/poster-1024x411.png 1024w, https:\/\/abarrotesavenida.directorio-comercial.com\/wp-content\/uploads\/2025\/11\/poster-768x308.png 768w, https:\/\/abarrotesavenida.directorio-comercial.com\/wp-content\/uploads\/2025\/11\/poster-1536x616.png 1536w\" sizes=\"auto, (max-width: 1583px) 100vw, 1583px\" \/>\n<\/div>\n<\/div>\n\n\n\n<div class=\"wp-block-column is-layout-flow wp-block-column-is-layout-flow\" style=\"flex-basis:2%\"><\/div>\n<\/div>\n\n\n\n<div class=\"wp-block-group has-global-padding is-layout-constrained wp-block-group-is-layout-constrained\">\n<div class=\"wp-block-group is-vertical is-content-justification-center is-layout-flex wp-container-core-group-is-layout-ce155fab wp-block-group-is-layout-flex\">\n<h2 class=\"wp-block-heading has-text-align-center\">Conoce un poco de nosotros<\/h2>\n\n\n\n<p class=\"gb-text gb-text-015e58ab\">Bienvenidos a Avenida Forrajes y Abarrotes, tu tienda de confianza en Pabell\u00f3n de Arteaga. <\/p>\n\n\n\n<p class=\"gb-text gb-text-29745b6e\">Aqu\u00ed encuentras todo lo que necesitas para tu rancho, granja o hogar: ma\u00edz, frijol, maseca, croquetas, especias, detergentes y mucho m\u00e1s\u2026 \u00a1todo en un solo lugar y al mejor precio!<\/p>\n\n\n<\/div>\n<\/div>\n","protected":false},"excerpt":{"rendered":"<p>Conoce un poco de nosotros Bienvenidos a Avenida Forrajes y Abarrotes, tu tienda de confianza en Pabell\u00f3n de Arteaga. Aqu\u00ed encuentras todo lo que necesitas para tu rancho, granja o hogar: ma\u00edz, frijol, maseca, croquetas, especias, detergentes y mucho m\u00e1s\u2026 \u00a1todo en un solo lugar y al mejor precio!<\/p>\n","protected":false},"author":1,"featured_media":0,"parent":0,"menu_order":0,"comment_status":"closed","ping_status":"closed","template":"page-no-title","meta":{"_acf_changed":false,"footnotes":""},"class_list":["post-12","page","type-page","status-publish","hentry"],"acf":[],"_links":{"self":[{"href":"https:\/\/abarrotesavenida.directorio-comercial.com\/index.php?rest_route=\/wp\/v2\/pages\/12","targetHints":{"allow":["GET"]}}],"collection":[{"href":"https:\/\/abarrotesavenida.directorio-comercial.com\/index.php?rest_route=\/wp\/v2\/pages"}],"about":[{"href":"https:\/\/abarrotesavenida.directorio-comercial.com\/index.php?rest_route=\/wp\/v2\/types\/page"}],"author":[{"embeddable":true,"href":"https:\/\/abarrotesavenida.directorio-comercial.com\/index.php?rest_route=\/wp\/v2\/users\/1"}],"replies":[{"embeddable":true,"href":"https:\/\/abarrotesavenida.directorio-comercial.com\/index.php?rest_route=%2Fwp%2Fv2%2Fcomments&post=12"}],"version-history":[{"count":5,"href":"https:\/\/abarrotesavenida.directorio-comercial.com\/index.php?rest_route=\/wp\/v2\/pages\/12\/revisions"}],"predecessor-version":[{"id":42,"href":"https:\/\/abarrotesavenida.directorio-comercial.com\/index.php?rest_route=\/wp\/v2\/pages\/12\/revisions\/42"}],"wp:attachment":[{"href":"https:\/\/abarrotesavenida.directorio-comercial.com\/index.php?rest_route=%2Fwp%2Fv2%2Fmedia&parent=12"}],"curies":[{"name":"wp","href":"https:\/\/api.w.org\/{rel}","templated":true}]}}